{"id":9,"date":"2014-11-07T18:42:22","date_gmt":"2014-11-07T17:42:22","guid":{"rendered":"http:\/\/www2.zssafarikova.cz\/wordpress\/?page_id=9"},"modified":"2023-01-13T14:07:13","modified_gmt":"2023-01-13T13:07:13","slug":"vychovny-poradce","status":"publish","type":"page","link":"https:\/\/www.zssafarikova.cz\/?page_id=9","title":{"rendered":"V\u00fdchovn\u00fd poradce a kari\u00e9rov\u00fd poradce"},"content":{"rendered":"<h3>Mgr. Lada Zichov\u00e1<img loading=\"lazy\" decoding=\"async\" class=\"alignleft size-large\" src=\"https:\/\/lh3.googleusercontent.com\/KEDLJqcUP9R4jDT1u1XpfX2lTzKR1IcSDtyIu_zMazN786OKjWuiE_L5OWjcKJ-yTxd3OFg1P-niIlf0xquz6FC6NjMFt9KWlyLgeUxFtx7yaT2EUxzKUEeKWTSS3Un-HPfN_AUfJzcMzc2BxtTYyUKqgVAolLk1cuXev5kVgy-BIZMAOa728k_CGa_lp8Dbdt3MQz7-Zbe4QAS3kg0RqVmGz5FxZ3rwGnIBMeS3Gh6M7lV9ofWmngzhetwA7_ttUbzxqH5Mf_6WelYNU0ey_9lrJXaapriK78sycegaZ2jttwwS5ae0ghOjfP6pgdsxyLI4qHCj7cZ2SfPbRNOM4G8bxkvKKUAKOp9J3dUMrQjDd0-5BUy0iWr0bNQBrEr48QNLheQu6vuRZPQNt37wg85E00bnEp377jq1cYMH73mZ30FMjonzSF60zcIT0sOyg-y4oIQZ622jsvu_ZYklOzCFOmIxlx0jCKtBlcGdajOQcwX6nEfr2S489LkvBuGpEC4s5518sv-mv5WICe_SwT2g0_-A_u7AigKF1RAvrnxwBlSKS87GUwHOR30o2Jkh-2OryEi1SExKhAbciP3a8zHVSJy0MDA5F_CbJ-Imt3V4vNcORChH-znQl50-aLXpgH4RwtXYtN86OmB7SCRkTv8Lqj3ZJyOpZmhb=w133-h181-no\" width=\"133\" height=\"181\"><\/h3>\n<pre>tel: 702 008 824\nvychovnyporadce@zssafarikova.cz\n<\/pre>\n<p>&nbsp;<\/p>\n\n<div class=\"wp-block-image\">\n<figure class=\"aligncenter size-large is-resized\"><img loading=\"lazy\" decoding=\"async\" src=\"https:\/\/www.zssafarikova.cz\/wp-content\/uploads\/2023\/01\/EUMSMT-Barevne-RGB-1024x146.jpg\" alt=\"\" class=\"wp-image-6881\" width=\"508\" height=\"72\" srcset=\"https:\/\/www.zssafarikova.cz\/wp-content\/uploads\/2023\/01\/EUMSMT-Barevne-RGB-1024x146.jpg 1024w, https:\/\/www.zssafarikova.cz\/wp-content\/uploads\/2023\/01\/EUMSMT-Barevne-RGB-300x43.jpg 300w, https:\/\/www.zssafarikova.cz\/wp-content\/uploads\/2023\/01\/EUMSMT-Barevne-RGB-768x110.jpg 768w, https:\/\/www.zssafarikova.cz\/wp-content\/uploads\/2023\/01\/EUMSMT-Barevne-RGB-600x86.jpg 600w, https:\/\/www.zssafarikova.cz\/wp-content\/uploads\/2023\/01\/EUMSMT-Barevne-RGB-1536x219.jpg 1536w, https:\/\/www.zssafarikova.cz\/wp-content\/uploads\/2023\/01\/EUMSMT-Barevne-RGB-2048x292.jpg 2048w, https:\/\/www.zssafarikova.cz\/wp-content\/uploads\/2023\/01\/EUMSMT-Barevne-RGB-360x51.jpg 360w\" sizes=\"auto, (max-width: 508px) 100vw, 508px\" \/><\/figure>\n<\/div>","protected":false},"excerpt":{"rendered":"<p>Mgr. Lada Zichov\u00e1 tel: 702 008 824 vychovnyporadce@zssafarikova.cz &nbsp;<\/p>\n","protected":false},"author":1,"featured_media":0,"parent":0,"menu_order":3,"comment_status":"open","ping_status":"open","template":"","meta":{"footnotes":""},"class_list":["post-9","page","type-page","status-publish","hentry"],"_links":{"self":[{"href":"https:\/\/www.zssafarikova.cz\/index.php?rest_route=\/wp\/v2\/pages\/9","targetHints":{"allow":["GET"]}}],"collection":[{"href":"https:\/\/www.zssafarikova.cz\/index.php?rest_route=\/wp\/v2\/pages"}],"about":[{"href":"https:\/\/www.zssafarikova.cz\/index.php?rest_route=\/wp\/v2\/types\/page"}],"author":[{"embeddable":true,"href":"https:\/\/www.zssafarikova.cz\/index.php?rest_route=\/wp\/v2\/users\/1"}],"replies":[{"embeddable":true,"href":"https:\/\/www.zssafarikova.cz\/index.php?rest_route=%2Fwp%2Fv2%2Fcomments&post=9"}],"version-history":[{"count":2,"href":"https:\/\/www.zssafarikova.cz\/index.php?rest_route=\/wp\/v2\/pages\/9\/revisions"}],"predecessor-version":[{"id":6885,"href":"https:\/\/www.zssafarikova.cz\/index.php?rest_route=\/wp\/v2\/pages\/9\/revisions\/6885"}],"wp:attachment":[{"href":"https:\/\/www.zssafarikova.cz\/index.php?rest_route=%2Fwp%2Fv2%2Fmedia&parent=9"}],"curies":[{"name":"wp","href":"https:\/\/api.w.org\/{rel}","templated":true}]}}