{"id":5967,"date":"2021-03-24T09:00:39","date_gmt":"2021-03-24T08:00:39","guid":{"rendered":"https:\/\/www.zssafarikova.cz\/?page_id=5967"},"modified":"2021-03-24T10:22:36","modified_gmt":"2021-03-24T09:22:36","slug":"jak-se-pripojit-na-schuzku","status":"publish","type":"page","link":"https:\/\/www.zssafarikova.cz\/?page_id=5967","title":{"rendered":"Jak se p\u0159ipojit na sch\u016fzku"},"content":{"rendered":"\n<div class=\"wp-block-image\"><figure align=\"center\"class=\"aligncenter size-large\">\n<a href=\"https:\/\/teams.microsoft.com\/l\/meetup-join\/19%3ameeting_NDA1ZWQwMGQtMWRkMy00YTI1LWExOTktZDY5MTUzYmQyYjdi%40thread.v2\/0?context=%7b%22Tid%22%3a%2262c6cf12-cda7-4b4c-9206-7711300f1622%22%2c%22Oid%22%3a%225b7d34a3-b362-4931-a780-05f3f48e3a3b%22%7d\"><img decoding=\"async\" src=\"https:\/\/www.zssafarikova.cz\/wp-content\/uploads\/2021\/03\/Online-sch\u016fzky-30.3..png\" width=\"50%\" alt=\"ONLINE sch\u016fzky s rodi\u010di budouc\u00edch prv\u0148\u00e1\u010dk\u016f 30.3.2021 16:00-17:00\" class=\"wp-image-5940\"><\/a>\n\n<a href=\"https:\/\/teams.microsoft.com\/l\/meetup-join\/19%3ameeting_NzI1MTFhYzgtZmJkOC00OTRiLWI1OWItYzhmZmI3NTY1MTll%40thread.v2\/0?context=%7b%22Tid%22%3a%2262c6cf12-cda7-4b4c-9206-7711300f1622%22%2c%22Oid%22%3a%225b7d34a3-b362-4931-a780-05f3f48e3a3b%22%7d\"><img decoding=\"async\" src=\"https:\/\/www.zssafarikova.cz\/wp-content\/uploads\/2021\/03\/Online-sch\u016fzky-8.4.2021.png\" width=\"50%\" alt=\"ONLINE sch\u016fzky s rodi\u010di budouc\u00edch prv\u0148\u00e1\u010dk\u016f 8.4.2021 16:00-17:00\" class=\"wp-image-5940\"><\/a>\n\n<\/figure><\/div>\n\n\n\n<p>Po kliknut\u00ed na odkaz nebo tla\u010d\u00edtko se v\u00e1s prohl\u00ed\u017ee\u010d zept\u00e1, jak\u00fdm zp\u016fsobem se chcete p\u0159ipojit. Pokud m\u00e1te nainstalovanou aplikaci Teams, m\u016f\u017eete kliknout rovnou na &#8222;Spustit aplikaci Teams&#8220;. Pokud ji nem\u00e1te, klikn\u011bte na &#8222;Zru\u0161it&#8220; a d\u00e1le na prost\u0159edn\u00ed volbu &#8222;Pokra\u010dovat v tomto prohl\u00ed\u017ee\u010di&#8220; <\/p>\n\n\n\n<p><\/p>\n\n\n\n<figure class=\"wp-block-image size-large\"><img loading=\"lazy\" decoding=\"async\" width=\"1020\" height=\"650\" src=\"https:\/\/www.zssafarikova.cz\/wp-content\/uploads\/2021\/03\/image-2.png\" alt=\"\" class=\"wp-image-5965\" srcset=\"https:\/\/www.zssafarikova.cz\/wp-content\/uploads\/2021\/03\/image-2.png 1020w, https:\/\/www.zssafarikova.cz\/wp-content\/uploads\/2021\/03\/image-2-300x191.png 300w, https:\/\/www.zssafarikova.cz\/wp-content\/uploads\/2021\/03\/image-2-768x489.png 768w, https:\/\/www.zssafarikova.cz\/wp-content\/uploads\/2021\/03\/image-2-600x382.png 600w, https:\/\/www.zssafarikova.cz\/wp-content\/uploads\/2021\/03\/image-2-360x229.png 360w\" sizes=\"auto, (max-width: 1020px) 100vw, 1020px\" \/><\/figure>\n\n\n\n<p> Na v\u00fdzvu je t\u0159eba povolit mikrofon, p\u0159\u00edpadn\u011b kameru pro pou\u017eit\u00ed touto aplikac\u00ed a zadat jm\u00e9no. <\/p>\n\n\n\n<p>Nakonec u\u017e jen kliknout na &#8222;P\u0159ipojit se&#8220;<\/p>\n\n\n\n<p>Nezapome\u0148te, \u017ee pokud budete cht\u00edt mluvit, je t\u0159eba si spustit mikrofon.<\/p>\n\n\n\n<figure class=\"wp-block-image size-large\"><img loading=\"lazy\" decoding=\"async\" width=\"599\" height=\"355\" src=\"https:\/\/www.zssafarikova.cz\/wp-content\/uploads\/2021\/03\/image-3.png\" alt=\"\" class=\"wp-image-5966\" srcset=\"https:\/\/www.zssafarikova.cz\/wp-content\/uploads\/2021\/03\/image-3.png 599w, https:\/\/www.zssafarikova.cz\/wp-content\/uploads\/2021\/03\/image-3-300x178.png 300w, https:\/\/www.zssafarikova.cz\/wp-content\/uploads\/2021\/03\/image-3-360x213.png 360w\" sizes=\"auto, (max-width: 599px) 100vw, 599px\" \/><\/figure>\n\n\n<p><!--EndFragment--><\/p>","protected":false},"excerpt":{"rendered":"<p>Po kliknut\u00ed na odkaz nebo tla\u010d\u00edtko se v\u00e1s prohl\u00ed\u017ee\u010d zept\u00e1, jak\u00fdm zp\u016fsobem se chcete p\u0159ipojit. Pokud m\u00e1te nainstalovanou aplikaci Teams, m\u016f\u017eete kliknout rovnou na &#8222;Spustit aplikaci Teams&#8220;. Pokud ji nem\u00e1te, klikn\u011bte na &#8222;Zru\u0161it&#8220; a d\u00e1le na prost\u0159edn\u00ed volbu &#8222;Pokra\u010dovat v tomto prohl\u00ed\u017ee\u010di&#8220; Na v\u00fdzvu je t\u0159eba povolit mikrofon, p\u0159\u00edpadn\u011b kameru pro pou\u017eit\u00ed touto aplikac\u00ed a zadat jm\u00e9no. Nakonec u\u017e jen <a href=\"https:\/\/www.zssafarikova.cz\/?page_id=5967\" class=\"read-more\">V\u00edce &#8230;<\/a><\/p>\n","protected":false},"author":1,"featured_media":0,"parent":0,"menu_order":0,"comment_status":"closed","ping_status":"closed","template":"","meta":{"footnotes":""},"class_list":["post-5967","page","type-page","status-publish","hentry"],"_links":{"self":[{"href":"https:\/\/www.zssafarikova.cz\/index.php?rest_route=\/wp\/v2\/pages\/5967","targetHints":{"allow":["GET"]}}],"collection":[{"href":"https:\/\/www.zssafarikova.cz\/index.php?rest_route=\/wp\/v2\/pages"}],"about":[{"href":"https:\/\/www.zssafarikova.cz\/index.php?rest_route=\/wp\/v2\/types\/page"}],"author":[{"embeddable":true,"href":"https:\/\/www.zssafarikova.cz\/index.php?rest_route=\/wp\/v2\/users\/1"}],"replies":[{"embeddable":true,"href":"https:\/\/www.zssafarikova.cz\/index.php?rest_route=%2Fwp%2Fv2%2Fcomments&post=5967"}],"version-history":[{"count":3,"href":"https:\/\/www.zssafarikova.cz\/index.php?rest_route=\/wp\/v2\/pages\/5967\/revisions"}],"predecessor-version":[{"id":5982,"href":"https:\/\/www.zssafarikova.cz\/index.php?rest_route=\/wp\/v2\/pages\/5967\/revisions\/5982"}],"wp:attachment":[{"href":"https:\/\/www.zssafarikova.cz\/index.php?rest_route=%2Fwp%2Fv2%2Fmedia&parent=5967"}],"curies":[{"name":"wp","href":"https:\/\/api.w.org\/{rel}","templated":true}]}}