{"id":1762,"date":"2016-02-11T18:58:11","date_gmt":"2016-02-11T17:58:11","guid":{"rendered":"http:\/\/www.zssafarikova.cz\/?page_id=1762"},"modified":"2024-05-21T14:17:39","modified_gmt":"2024-05-21T13:17:39","slug":"skolni-poradenske-pracoviste","status":"publish","type":"page","link":"https:\/\/www.zssafarikova.cz\/?page_id=1762","title":{"rendered":"\u0160koln\u00ed poradensk\u00e9 pracovi\u0161t\u011b"},"content":{"rendered":"<h3><a href=\"https:\/\/www.zssafarikova.cz\/?page_id=945\"><img loading=\"lazy\" decoding=\"async\" class=\"alignleft\" src=\"https:\/\/lh3.googleusercontent.com\/IBmCOaJ8rhv0DBxzCbheat8dgf_PHUinm-jA-hWJ32dCjJAZ_uvr7OFzXNTvR1wLqpyHPjvdLV0B4PwOy_eKYfe4B9HtMqfHRiprYqRUrAooAjYthdSga5IiOxNa6IDJ7Xmx0pfvXX4UN0PfDWKFjEF66nGU4ttxXfwZHCFeLKeUbFExbSXd4eJbjMr_f17rK4XtI0JOvIJDZcFe3ZNjo0reZI0cYAhr806W29Mb2Tk_RPwzHL2w5GlA6MONaWPOLiAihLrPmaj3MOO7uXdavUUCVa0iHqJgikl7wd3ZZy5tjCxQfwGB6kCbTpNNYey0Eo_gzAoUWdlyffaYfb-WR2ZTbm_RycjAkpOMyGUq04yRu51WyseqJA-tGVVRioHXdOgJMz9nltQcTRSCQ9ODCelXK7xNEKSlpJ4kC0nFtOkmcUVawk4YoYuo-NjRA24GI1jXr3jwvSCA4qpxBSLHl5DzplrxsX2pZPG6CoNForwTptCU9nDEV90c31jNgBWf6cLIATElRoeZraceK0tlfNzW4iJ1Vt0Y7eJDIaUKqjmlkxBCaVrJZSpe99BUR4Kac7I32EUHAMOE9txLglHtuWVJdjDW82QjndyDg8X5MNn4Mz4lsmguMzOlKmJXOXUMCE_C7vit2MxzA5ahEml0dOyutvKuXTf6GLD8sSP9r9BQvzI=w133-h181-no\" alt=\"\" width=\"133\" height=\"181\" \/><\/a><a href=\"http:\/\/www.zssafarikova.cz\/?page_id=945\">Speci\u00e1ln\u00ed pedagog<\/a><\/h3>\n<p>Mgr. Miroslava Va\u0161utov\u00e1<\/p>\n<pre>tel: 702 008 821\nvasutova@zssafarikova.cz\n\n\n<\/pre>\n<h3><a href=\"http:\/\/www.zssafarikova.cz\/?page_id=11\"><img decoding=\"async\" src=\"https:\/\/www.zssafarikova.cz\/wp-content\/uploads\/2021\/08\/re_port%C3%A9ty-26.jpg\" \/>\u0160koln\u00ed metodik prevence rizikov\u00e9ho chov\u00e1n\u00ed<\/a><\/h3>\n<p>Mgr. Michaela Klosov\u00e1<\/p>\n<pre>klosova@zssafarikova.cz\n\n\n<\/pre>\n<h3><\/h3>\n<h3><img decoding=\"async\" src=\"https:\/\/www.zssafarikova.cz\/wp-content\/uploads\/2020\/08\/anonym.jpg\" \/>\u0160koln\u00ed psycholog<\/h3>\n<p>Mgr. Vendula \u010cernochov\u00e1<\/p>\n<pre>tel: 702 008 823\ncernochova.vendula@zssafarikova.cz\n\n\n<\/pre>\n<h3><a href=\"http:\/\/www.zssafarikova.cz\/?page_id=9\"><img loading=\"lazy\" decoding=\"async\" class=\"alignleft size-large\" src=\"https:\/\/lh3.googleusercontent.com\/KEDLJqcUP9R4jDT1u1XpfX2lTzKR1IcSDtyIu_zMazN786OKjWuiE_L5OWjcKJ-yTxd3OFg1P-niIlf0xquz6FC6NjMFt9KWlyLgeUxFtx7yaT2EUxzKUEeKWTSS3Un-HPfN_AUfJzcMzc2BxtTYyUKqgVAolLk1cuXev5kVgy-BIZMAOa728k_CGa_lp8Dbdt3MQz7-Zbe4QAS3kg0RqVmGz5FxZ3rwGnIBMeS3Gh6M7lV9ofWmngzhetwA7_ttUbzxqH5Mf_6WelYNU0ey_9lrJXaapriK78sycegaZ2jttwwS5ae0ghOjfP6pgdsxyLI4qHCj7cZ2SfPbRNOM4G8bxkvKKUAKOp9J3dUMrQjDd0-5BUy0iWr0bNQBrEr48QNLheQu6vuRZPQNt37wg85E00bnEp377jq1cYMH73mZ30FMjonzSF60zcIT0sOyg-y4oIQZ622jsvu_ZYklOzCFOmIxlx0jCKtBlcGdajOQcwX6nEfr2S489LkvBuGpEC4s5518sv-mv5WICe_SwT2g0_-A_u7AigKF1RAvrnxwBlSKS87GUwHOR30o2Jkh-2OryEi1SExKhAbciP3a8zHVSJy0MDA5F_CbJ-Imt3V4vNcORChH-znQl50-aLXpgH4RwtXYtN86OmB7SCRkTv8Lqj3ZJyOpZmhb=w133-h181-no\" width=\"133\" height=\"181\" \/>V\u00fdchovn\u00fd poradce<\/a><\/h3>\n<p>Mgr. Lada Zichov\u00e1<\/p>\n<pre>tel: 702 008 824\nvychovnyporadce@zssafarikova.cz<\/pre>\n","protected":false},"excerpt":{"rendered":"<p>Speci\u00e1ln\u00ed pedagog Mgr. Miroslava Va\u0161utov\u00e1 tel: 702 008 821 vasutova@zssafarikova.cz \u0160koln\u00ed metodik prevence rizikov\u00e9ho chov\u00e1n\u00ed Mgr. Michaela Klosov\u00e1 klosova@zssafarikova.cz \u0160koln\u00ed psycholog Mgr. Vendula \u010cernochov\u00e1 tel: 702 008 823 cernochova.vendula@zssafarikova.cz V\u00fdchovn\u00fd poradce Mgr. Lada Zichov\u00e1 tel: 702 008 824 vychovnyporadce@zssafarikova.cz<\/p>\n","protected":false},"author":1,"featured_media":0,"parent":0,"menu_order":0,"comment_status":"closed","ping_status":"closed","template":"","meta":{"footnotes":""},"class_list":["post-1762","page","type-page","status-publish","hentry"],"_links":{"self":[{"href":"https:\/\/www.zssafarikova.cz\/index.php?rest_route=\/wp\/v2\/pages\/1762","targetHints":{"allow":["GET"]}}],"collection":[{"href":"https:\/\/www.zssafarikova.cz\/index.php?rest_route=\/wp\/v2\/pages"}],"about":[{"href":"https:\/\/www.zssafarikova.cz\/index.php?rest_route=\/wp\/v2\/types\/page"}],"author":[{"embeddable":true,"href":"https:\/\/www.zssafarikova.cz\/index.php?rest_route=\/wp\/v2\/users\/1"}],"replies":[{"embeddable":true,"href":"https:\/\/www.zssafarikova.cz\/index.php?rest_route=%2Fwp%2Fv2%2Fcomments&post=1762"}],"version-history":[{"count":3,"href":"https:\/\/www.zssafarikova.cz\/index.php?rest_route=\/wp\/v2\/pages\/1762\/revisions"}],"predecessor-version":[{"id":7620,"href":"https:\/\/www.zssafarikova.cz\/index.php?rest_route=\/wp\/v2\/pages\/1762\/revisions\/7620"}],"wp:attachment":[{"href":"https:\/\/www.zssafarikova.cz\/index.php?rest_route=%2Fwp%2Fv2%2Fmedia&parent=1762"}],"curies":[{"name":"wp","href":"https:\/\/api.w.org\/{rel}","templated":true}]}}