{"id":1226,"date":"2015-09-18T18:26:17","date_gmt":"2015-09-18T17:26:17","guid":{"rendered":"http:\/\/www2.zssafarikova.cz\/wordpress\/?page_id=1226"},"modified":"2025-10-14T11:47:03","modified_gmt":"2025-10-14T10:47:03","slug":"tridy","status":"publish","type":"page","link":"https:\/\/www.zssafarikova.cz\/?page_id=1226","title":{"rendered":"T\u0159\u00eddy"},"content":{"rendered":"\n<h2 class=\"wp-block-heading\">1.A &#8211; Mgr. Marcela Ondruchov\u00e1<\/h2>\n\n\n\n<p>ondruchova@zssafarikova.cz<\/p>\n\n\n\n<h2 class=\"wp-block-heading\">1.B &#8211; Mgr. Barbora Farka\u0161ov\u00e1<\/h2>\n\n\n\n<p>farkasova@zssafarikova.cz<\/p>\n\n\n\n<h2 class=\"wp-block-heading\">1.C &#8211; Mgr. gabriela Cahl\u00edkov\u00e1<\/h2>\n\n\n\n<p>cahlikova@zssafarikova.cz<\/p>\n\n\n\n<h2 class=\"wp-block-heading\">2.A &#8211; Mgr. Iveta Va\u0148kov\u00e1<\/h2>\n\n\n\n<p>vankova@zssafarikova.cz<\/p>\n\n\n\n<h2 class=\"wp-block-heading\">2.B &#8211; Mgr. Jitka Michnov\u00e1<\/h2>\n\n\n\n<p>michnova@zssafarikova.cz<\/p>\n\n\n\n<h2 class=\"wp-block-heading\">2.C &#8211; Mgr. Karla Str\u00e1\u017enick\u00e1<\/h2>\n\n\n\n<p>straznicka@zssafarikova.cz<\/p>\n\n\n\n<h2 class=\"wp-block-heading\">3.A &#8211; Mgr. Jana Gabry\u0161ov\u00e1<\/h2>\n\n\n\n<p>gabrysova@zssafarikova.cz<\/p>\n\n\n\n<h2 class=\"wp-block-heading\">3.B &#8211; Mgr. Tereza Hr\u0148ov\u00e1<\/h2>\n\n\n\n<p>hrnova@zssafarikova.cz<\/p>\n\n\n\n<h2 class=\"wp-block-heading\">4.A &#8211; Mgr. Petra Mi\u010dolov\u00e1<\/h2>\n\n\n\n<p>micolova@zssafarikova.cz<\/p>\n\n\n\n<h2 class=\"wp-block-heading\">4.B &#8211; Mgr. Irena J\u00edchov\u00e1<\/h2>\n\n\n\n<p>jichova@zssafarikova.cz<\/p>\n\n\n\n<h2 class=\"wp-block-heading\">4.C &#8211; Mgr. Ladislav Kraj\u010da<\/h2>\n\n\n\n<p>krajca@zssafarikova.cz<\/p>\n\n\n\n<h2 class=\"wp-block-heading\">5.A &#8211; Mgr. Kate\u0159ina Kubov\u00e1<\/h2>\n\n\n\n<p>kubova@zssafarikova.cz<\/p>\n\n\n\n<h2 class=\"wp-block-heading\">5.B &#8211; Mgr. Lenka \u0160im\u010d\u00edkov\u00e1<\/h2>\n\n\n\n<p>simcikova@zssafarikova.cz<\/p>\n\n\n\n<h2 class=\"wp-block-heading\">6.A &#8211; Mgr. Ond\u0159ej Fojt\u00edk<\/h2>\n\n\n\n<p>fojtik@zssafarikova.cz<\/p>\n\n\n\n<h2 class=\"wp-block-heading\">6.B &#8211; Mgr. Michaela Klosov\u00e1<\/h2>\n\n\n\n<p>klosova@zssafarikova.cz<\/p>\n\n\n\n<h2 class=\"wp-block-heading\">6.C &#8211; Mgr. Helena Sochorov\u00e1<\/h2>\n\n\n\n<p>sochorova@zssafarikova.cz<\/p>\n\n\n\n<h2 class=\"wp-block-heading\">7.A &#8211; Mgr. Eva Gol\u00e1\u0148ov\u00e1<\/h2>\n\n\n\n<p>golanova@zssafarikova.cz<\/p>\n\n\n\n<h2 class=\"wp-block-heading\">7.B &#8211; Mgr. Jarom\u00edr Klimek<\/h2>\n\n\n\n<p>klimek@zssafarikova.cz<\/p>\n\n\n\n<h2 class=\"wp-block-heading\">7.C &#8211; Ing. Mark\u00e9ta Stan\u010d\u00edkov\u00e1<\/h2>\n\n\n\n<p>stancikova@zssafarikova.cz<\/p>\n\n\n\n<h2 class=\"wp-block-heading\">8.A &#8211; Mgr. Ivana Dole\u017ealov\u00e1<\/h2>\n\n\n\n<p>dolezalova@zssafarikova.cz<\/p>\n\n\n\n<h2 class=\"wp-block-heading\">8.B &#8211; Mgr. Veronika Kuli\u0161\u0165\u00e1kov\u00e1<\/h2>\n\n\n\n<p>kulistakova@zssafarikova.cz<\/p>\n\n\n\n<h2 class=\"wp-block-heading\">9.A &#8211; Mgr. Pavl\u00edna Zavi\u010d\u00e1kov\u00e1<\/h2>\n\n\n\n<p>zavicakova@zssafarikova.cz<\/p>\n\n\n\n<h2 class=\"wp-block-heading\">9.B &#8211; Mgr. Luk\u00e1\u0161 Navr\u00e1til<\/h2>\n\n\n\n<p>navratil@zssafarikova.cz <\/p>\n","protected":false},"excerpt":{"rendered":"<p>1.A &#8211; Mgr. Marcela Ondruchov\u00e1 ondruchova@zssafarikova.cz 1.B &#8211; Mgr. Barbora Farka\u0161ov\u00e1 farkasova@zssafarikova.cz 1.C &#8211; Mgr. gabriela Cahl\u00edkov\u00e1 cahlikova@zssafarikova.cz 2.A &#8211; Mgr. Iveta Va\u0148kov\u00e1 vankova@zssafarikova.cz 2.B &#8211; Mgr. Jitka Michnov\u00e1 michnova@zssafarikova.cz 2.C &#8211; Mgr. Karla Str\u00e1\u017enick\u00e1 straznicka@zssafarikova.cz 3.A &#8211; Mgr. Jana Gabry\u0161ov\u00e1 gabrysova@zssafarikova.cz 3.B &#8211; Mgr. Tereza Hr\u0148ov\u00e1 hrnova@zssafarikova.cz 4.A &#8211; Mgr. Petra Mi\u010dolov\u00e1 micolova@zssafarikova.cz 4.B &#8211; Mgr. Irena J\u00edchov\u00e1 jichova@zssafarikova.cz <a href=\"https:\/\/www.zssafarikova.cz\/?page_id=1226\" class=\"read-more\">V\u00edce &#8230;<\/a><\/p>\n","protected":false},"author":1,"featured_media":0,"parent":0,"menu_order":0,"comment_status":"closed","ping_status":"closed","template":"","meta":{"footnotes":""},"class_list":["post-1226","page","type-page","status-publish","hentry"],"_links":{"self":[{"href":"https:\/\/www.zssafarikova.cz\/index.php?rest_route=\/wp\/v2\/pages\/1226","targetHints":{"allow":["GET"]}}],"collection":[{"href":"https:\/\/www.zssafarikova.cz\/index.php?rest_route=\/wp\/v2\/pages"}],"about":[{"href":"https:\/\/www.zssafarikova.cz\/index.php?rest_route=\/wp\/v2\/types\/page"}],"author":[{"embeddable":true,"href":"https:\/\/www.zssafarikova.cz\/index.php?rest_route=\/wp\/v2\/users\/1"}],"replies":[{"embeddable":true,"href":"https:\/\/www.zssafarikova.cz\/index.php?rest_route=%2Fwp%2Fv2%2Fcomments&post=1226"}],"version-history":[{"count":21,"href":"https:\/\/www.zssafarikova.cz\/index.php?rest_route=\/wp\/v2\/pages\/1226\/revisions"}],"predecessor-version":[{"id":8346,"href":"https:\/\/www.zssafarikova.cz\/index.php?rest_route=\/wp\/v2\/pages\/1226\/revisions\/8346"}],"wp:attachment":[{"href":"https:\/\/www.zssafarikova.cz\/index.php?rest_route=%2Fwp%2Fv2%2Fmedia&parent=1226"}],"curies":[{"name":"wp","href":"https:\/\/api.w.org\/{rel}","templated":true}]}}