{"id":1217,"date":"2015-09-18T18:11:01","date_gmt":"2015-09-18T17:11:01","guid":{"rendered":"http:\/\/www2.zssafarikova.cz\/wordpress\/?page_id=1217"},"modified":"2025-11-12T15:39:05","modified_gmt":"2025-11-12T14:39:05","slug":"klub-pratel","status":"publish","type":"page","link":"https:\/\/www.zssafarikova.cz\/?page_id=1217","title":{"rendered":"Klub p\u0159\u00e1tel \u0161koly"},"content":{"rendered":"<h3>P\u0159edseda: Mgr. Karel Adamu\u0161ka<\/h3>\n<div>\n<div>\n<div>KLUB P\u0158\u00c1TEL<\/div>\n<p>Z\u0160 \u0160afa\u0159\u00edkova<\/p>\n<\/div>\n<p>Vala\u0161sk\u00e9 Mezi\u0159\u00ed\u010d\u00ed<\/p>\n<\/div>\n<pre>skola@zssafarikova.cz\n<strong>tel:<\/strong> 571 611 168\n<strong>I\u010c<\/strong>: 70238511<br \/><strong>\u010d. \u00fa\u010dtu:<\/strong> 2103362919\/2010<br \/><br \/><\/pre>\n\n\n<p class=\"wp-block-gdm-google-drive-embedder-viewer\"><iframe loading=\"lazy\" frameborder=\"0\" src=\"https:\/\/drive.google.com\/file\/d\/1PsNAL1RABrUO4Ou57xDJDAtBMBi9fC16\/preview?usp=drivesdk\" width=\"100%\" height=\"400\" style=\"border:0;max-width:100%\" scrolling=\"yes\"><\/iframe>\n","protected":false},"excerpt":{"rendered":"<p>P\u0159edseda: Mgr. Karel Adamu\u0161ka KLUB P\u0158\u00c1TEL Z\u0160 \u0160afa\u0159\u00edkova Vala\u0161sk\u00e9 Mezi\u0159\u00ed\u010d\u00ed skola@zssafarikova.cz tel: 571 611 168 I\u010c: 70238511\u010d. \u00fa\u010dtu: 2103362919\/2010<\/p>\n","protected":false},"author":1,"featured_media":0,"parent":0,"menu_order":0,"comment_status":"closed","ping_status":"closed","template":"","meta":{"footnotes":""},"class_list":["post-1217","page","type-page","status-publish","hentry"],"_links":{"self":[{"href":"https:\/\/www.zssafarikova.cz\/index.php?rest_route=\/wp\/v2\/pages\/1217","targetHints":{"allow":["GET"]}}],"collection":[{"href":"https:\/\/www.zssafarikova.cz\/index.php?rest_route=\/wp\/v2\/pages"}],"about":[{"href":"https:\/\/www.zssafarikova.cz\/index.php?rest_route=\/wp\/v2\/types\/page"}],"author":[{"embeddable":true,"href":"https:\/\/www.zssafarikova.cz\/index.php?rest_route=\/wp\/v2\/users\/1"}],"replies":[{"embeddable":true,"href":"https:\/\/www.zssafarikova.cz\/index.php?rest_route=%2Fwp%2Fv2%2Fcomments&post=1217"}],"version-history":[{"count":7,"href":"https:\/\/www.zssafarikova.cz\/index.php?rest_route=\/wp\/v2\/pages\/1217\/revisions"}],"predecessor-version":[{"id":8411,"href":"https:\/\/www.zssafarikova.cz\/index.php?rest_route=\/wp\/v2\/pages\/1217\/revisions\/8411"}],"wp:attachment":[{"href":"https:\/\/www.zssafarikova.cz\/index.php?rest_route=%2Fwp%2Fv2%2Fmedia&parent=1217"}],"curies":[{"name":"wp","href":"https:\/\/api.w.org\/{rel}","templated":true}]}}