{"id":11,"date":"2014-11-07T18:42:33","date_gmt":"2014-11-07T17:42:33","guid":{"rendered":"http:\/\/www2.zssafarikova.cz\/wordpress\/?page_id=11"},"modified":"2025-04-01T06:57:52","modified_gmt":"2025-04-01T05:57:52","slug":"metodik-prevence","status":"publish","type":"page","link":"https:\/\/www.zssafarikova.cz\/?page_id=11","title":{"rendered":"\u0160koln\u00ed metodik prevence rizikov\u00e9ho chov\u00e1n\u00ed"},"content":{"rendered":"<h3><span id=\"E79\"><img decoding=\"async\" class=\"alignleft\" src=\"https:\/\/www.zssafarikova.cz\/wp-content\/uploads\/2021\/08\/re_port%C3%A9ty-26.jpg\" \/><\/span>Mgr. Michaela Klosov\u00e1<\/h3>\n<pre><span id=\"E75\">klosova<\/span><span id=\"E76\" class=\"qowt-font3-Arial\">@<\/span><span id=\"E77\">zs<\/span><span id=\"E78\">safarikova<\/span><span id=\"E79\">.cz<br \/>\n\n\n\n<\/span><\/pre>\n<h3>\u00a0<\/h3>\n<h3>Komu mohu pomoci ?<\/h3>\n<p id=\"E82\" class=\"qowt-stl-Norm\u00e1ln\u00ed\"><span id=\"E83\">Ka\u017ed\u00e9mu, kdo se setk\u00e1 s<\/span><\/p>\n<ul>\n<li id=\"E84\" class=\"qowt-stl-Norm\u00e1ln\u00ed\"><span id=\"E85\">\u0161ikanou vlastn\u00ed nebo n\u011bkoho jin\u00e9ho<\/span><\/li>\n<li id=\"E86\" class=\"qowt-stl-Norm\u00e1ln\u00ed\"><span id=\"E87\">n\u00e1sil\u00edm ve \u0161kole i mimo \u0161kolu<\/span><\/li>\n<li id=\"E88\" class=\"qowt-stl-Norm\u00e1ln\u00ed\"><span id=\"E89\">sebepo\u0161kozov\u00e1n\u00edm<\/span><\/li>\n<li id=\"E90\" class=\"qowt-stl-Norm\u00e1ln\u00ed\"><span id=\"E91\">n\u00e1vykov\u00fdmi l\u00e1tkami (drogy, alkohol, cigarety\u2026)<\/span><\/li>\n<li id=\"E92\" class=\"qowt-stl-Norm\u00e1ln\u00ed\"><span id=\"E93\">kriminalitou (kr\u00e1de\u017ee, vandalismus, distribuce drog\u2026)<\/span><\/li>\n<\/ul>\n<p id=\"E95\" class=\"qowt-stl-Norm\u00e1ln\u00ed\" style=\"text-align: center;\"><strong><span id=\"E96\">Pokud t\u011b n\u011bkter\u00fd z\u00a0uveden\u00fdch probl\u00e9m\u016f t\u00ed\u017e\u00ed, je pot\u0159eba jej za\u010d\u00edt \u0159e\u0161it<\/span><span id=\"E97\">!<\/span><\/strong><span id=\"E98\"> <\/span><\/p>\n<h3 id=\"E99\" class=\"qowt-stl-Norm\u00e1ln\u00ed\"><span id=\"E100\">Kdy ?<\/span><span id=\"E101\"> <\/span><\/h3>\n<p class=\"qowt-stl-Norm\u00e1ln\u00ed\"><b>denn\u011b o velk\u00e9 p\u0159est\u00e1vce 9:40 &#8211; 10:00<\/b><\/p>\n<p id=\"E109\" class=\"qowt-stl-Norm\u00e1ln\u00ed\"><span id=\"E110\"> V\u00a0neodkladn\u00fdch p\u0159\u00edpadech kdykoliv.<\/span><\/p>\n<h3 id=\"E111\" class=\"qowt-stl-Norm\u00e1ln\u00ed\"><span id=\"E112\">Kde ?<\/span><span id=\"E113\"> <\/span><\/h3>\n<p class=\"qowt-stl-Norm\u00e1ln\u00ed\"><strong><span id=\"E114\">Kabinet jazyk\u00e1\u0159\u016f v 1. pat\u0159e 2. s<\/span><span id=\"E116\">tupn\u011b<\/span><\/strong><\/p>\n<h2>Online schr\u00e1nka d\u016fv\u011bry<\/h2>\n<p><a href=\"https:\/\/www.upozorneni.nntb.cz\/cs\/\" target=\"_blank\" rel=\"noopener\"><img loading=\"lazy\" decoding=\"async\" class=\"alignnone\" src=\"https:\/\/www.zssafarikova.cz\/wp-content\/uploads\/2019\/08\/nntblogo.png\" alt=\"Nenech to b\u00fdt - online schr\u00e1nka d\u016fv\u011bry\" width=\"600\" height=\"270\" \/><\/a><\/p>\n<h4 class=\"qowt-stl-Norm\u00e1ln\u00ed\">Informa\u010dn\u00ed let\u00e1k &#8211; drogy, \u0161ikana<\/h4>\n<iframe loading=\"lazy\" frameborder=\"0\" src=\"https:\/\/docs.google.com\/document\/d\/1aQS2VgZZu13BdevfaXUe1AwJIKptslXn\/preview?usp=drivesdk&#038;ouid=113226684044136098680&#038;rtpof=true&#038;sd=true\" width=\"100%\" height=\"400\" style=\"border:0;max-width:100%\" scrolling=\"yes\"><\/iframe>\n<h4>Informa\u010dn\u00ed let\u00e1k &#8211; nebezpe\u010d\u00ed internetu<\/h4>\n<iframe loading=\"lazy\" frameborder=\"0\" src=\"https:\/\/docs.google.com\/file\/d\/0B1oluLmKtajCYzJQMUVaLXdIMG8\/preview?usp=drivesdk\" width=\"100%\" height=\"400\" style=\"border:0;max-width:100%\" scrolling=\"yes\"><\/iframe>\n<h4>Informa\u010dn\u00ed let\u00e1k &#8211; kyber\u0161ikana<\/h4>\n\n\n<p class=\"wp-block-gdm-google-drive-embedder-viewer\"><iframe loading=\"lazy\" frameborder=\"0\" src=\"https:\/\/docs.google.com\/document\/d\/1aQS2VgZZu13BdevfaXUe1AwJIKptslXn\/preview?usp=drivesdk&#038;ouid=113226684044136098680&#038;rtpof=true&#038;sd=true\" width=\"100%\" height=\"400\" style=\"border:0;max-width:100%\" scrolling=\"yes\"><\/iframe>\n\n\n\n<p class=\"wp-block-gdm-google-drive-embedder-viewer\"><\/p>\n\n\n\n<p class=\"wp-block-gdm-google-drive-embedder-viewer\"><iframe loading=\"lazy\" frameborder=\"0\" src=\"https:\/\/drive.google.com\/file\/d\/1aOlBKUWC0COmBJAizdZ2BVIAsE5VR7-_\/preview?usp=drivesdk\" width=\"100%\" height=\"400\" style=\"border:0;max-width:100%\" scrolling=\"yes\"><\/iframe>\n","protected":false},"excerpt":{"rendered":"<p>Mgr. Michaela Klosov\u00e1 klosova@zssafarikova.cz \u00a0 Komu mohu pomoci ? Ka\u017ed\u00e9mu, kdo se setk\u00e1 s \u0161ikanou vlastn\u00ed nebo n\u011bkoho jin\u00e9ho n\u00e1sil\u00edm ve \u0161kole i mimo \u0161kolu sebepo\u0161kozov\u00e1n\u00edm n\u00e1vykov\u00fdmi l\u00e1tkami (drogy, alkohol, cigarety\u2026) kriminalitou (kr\u00e1de\u017ee, vandalismus, distribuce drog\u2026) Pokud t\u011b n\u011bkter\u00fd z\u00a0uveden\u00fdch probl\u00e9m\u016f t\u00ed\u017e\u00ed, je pot\u0159eba jej za\u010d\u00edt \u0159e\u0161it! Kdy ? denn\u011b o velk\u00e9 p\u0159est\u00e1vce 9:40 &#8211; 10:00 V\u00a0neodkladn\u00fdch p\u0159\u00edpadech kdykoliv. Kde <a href=\"https:\/\/www.zssafarikova.cz\/?page_id=11\" class=\"read-more\">V\u00edce &#8230;<\/a><\/p>\n","protected":false},"author":1,"featured_media":0,"parent":0,"menu_order":1,"comment_status":"open","ping_status":"open","template":"","meta":{"footnotes":""},"class_list":["post-11","page","type-page","status-publish","hentry"],"_links":{"self":[{"href":"https:\/\/www.zssafarikova.cz\/index.php?rest_route=\/wp\/v2\/pages\/11","targetHints":{"allow":["GET"]}}],"collection":[{"href":"https:\/\/www.zssafarikova.cz\/index.php?rest_route=\/wp\/v2\/pages"}],"about":[{"href":"https:\/\/www.zssafarikova.cz\/index.php?rest_route=\/wp\/v2\/types\/page"}],"author":[{"embeddable":true,"href":"https:\/\/www.zssafarikova.cz\/index.php?rest_route=\/wp\/v2\/users\/1"}],"replies":[{"embeddable":true,"href":"https:\/\/www.zssafarikova.cz\/index.php?rest_route=%2Fwp%2Fv2%2Fcomments&post=11"}],"version-history":[{"count":10,"href":"https:\/\/www.zssafarikova.cz\/index.php?rest_route=\/wp\/v2\/pages\/11\/revisions"}],"predecessor-version":[{"id":8036,"href":"https:\/\/www.zssafarikova.cz\/index.php?rest_route=\/wp\/v2\/pages\/11\/revisions\/8036"}],"wp:attachment":[{"href":"https:\/\/www.zssafarikova.cz\/index.php?rest_route=%2Fwp%2Fv2%2Fmedia&parent=11"}],"curies":[{"name":"wp","href":"https:\/\/api.w.org\/{rel}","templated":true}]}}